{"id":6673,"date":"2023-06-15T01:20:08","date_gmt":"2023-06-15T01:20:08","guid":{"rendered":"https:\/\/www.denthaus.com.tr\/tedaviler\/"},"modified":"2023-10-07T14:21:45","modified_gmt":"2023-10-07T14:21:45","slug":"behandlungen","status":"publish","type":"page","link":"https:\/\/www.denthaus.com.tr\/de\/behandlungen\/","title":{"rendered":"BEHANDLUNGEN"},"content":{"rendered":"\t\t<div data-elementor-type=\"wp-post\" data-elementor-id=\"6673\" class=\"elementor elementor-6673 elementor-5043\">\n\t\t\t\t\t\t<section class=\"elementor-section elementor-top-section elementor-element elementor-element-be6c44a elementor-section-boxed elementor-section-height-default elementor-section-height-default\" data-id=\"be6c44a\" data-element_type=\"section\">\n\t\t\t\t\t\t<div class=\"elementor-container elementor-column-gap-default\">\n\t\t\t\t\t<div class=\"elementor-column elementor-col-100 elementor-top-column elementor-element elementor-element-009a3da\" data-id=\"009a3da\" data-element_type=\"column\">\n\t\t\t<div class=\"elementor-widget-wrap elementor-element-populated\">\n\t\t\t\t\t\t<div class=\"elementor-element elementor-element-2387a0e elementor-widget elementor-widget-spacer\" data-id=\"2387a0e\" data-element_type=\"widget\" data-widget_type=\"spacer.default\">\n\t\t\t\t<div class=\"elementor-widget-container\">\n\t\t\t\t\t<div class=\"elementor-spacer\">\n\t\t\t<div class=\"elementor-spacer-inner\"><\/div>\n\t\t<\/div>\n\t\t\t\t<\/div>\n\t\t\t\t<\/div>\n\t\t\t\t\t<\/div>\n\t\t<\/div>\n\t\t\t\t\t<\/div>\n\t\t<\/section>\n\t\t\t\t<section class=\"elementor-section elementor-top-section elementor-element elementor-element-36d91e7 elementor-section-full_width elementor-section-height-default elementor-section-height-default\" data-id=\"36d91e7\" data-element_type=\"section\" data-settings=\"{&quot;background_background&quot;:&quot;classic&quot;}\">\n\t\t\t\t\t\t<div class=\"elementor-container elementor-column-gap-default\">\n\t\t\t\t\t<div class=\"elementor-column elementor-col-100 elementor-top-column elementor-element elementor-element-f04a0f8\" data-id=\"f04a0f8\" data-element_type=\"column\">\n\t\t\t<div class=\"elementor-widget-wrap elementor-element-populated\">\n\t\t\t\t\t\t<div class=\"elementor-element elementor-element-dbf6e83 elementor-align-center elementor-widget elementor-widget-bdevs-heading\" data-id=\"dbf6e83\" data-element_type=\"widget\" data-widget_type=\"bdevs-heading.default\">\n\t\t\t\t<div class=\"elementor-widget-container\">\n\t\t\t            <div class=\"section-title pos-rel tp-el-content\">\n\n            \t                <div class=\"section-icon\">\n                    <img decoding=\"async\" class=\"section-back-icon back-icon-left\" src=\"https:\/\/www.denthaus.com.tr\/wp-content\/themes\/medidove\/img\/section\/section-back-icon.png\" alt=\"img\">\n                <\/div>\n                \t\n\n                <div class=\"section-text pos-rel\">\n\t\t\t\t\t\t\n\n                    \t\t\t\t\t<h2 class=\"sec-title tp-el-title\">BEHANDLUNGEN, DIE WIR DURCHF\u00dcHREN<\/h2>\n\t\t\t\t\t\n\t\t\t\t\t\t\t\n                <\/div>\n\n\t\t\t\t\t\t\t\t\t\t\t\t\n                                            <\/div>\n\n        \t\t\n\t\t\t<\/div>\n\t\t\t\t<\/div>\n\t\t\t\t<section class=\"elementor-section elementor-inner-section elementor-element elementor-element-b4dbcb3 elementor-section-boxed elementor-section-height-default elementor-section-height-default\" data-id=\"b4dbcb3\" data-element_type=\"section\">\n\t\t\t\t\t\t<div class=\"elementor-container elementor-column-gap-extended\">\n\t\t\t\t\t<div class=\"elementor-column elementor-col-33 elementor-inner-column elementor-element elementor-element-9a2ba1e\" data-id=\"9a2ba1e\" data-element_type=\"column\">\n\t\t\t<div class=\"elementor-widget-wrap elementor-element-populated\">\n\t\t\t\t\t\t<div class=\"elementor-element elementor-element-a767671 elementor-align-center elementor-widget elementor-widget-bdevs-icon-box\" data-id=\"a767671\" data-element_type=\"widget\" data-settings=\"{&quot;chose_style&quot;:&quot;style_1&quot;}\" data-widget_type=\"bdevs-icon-box.default\">\n\t\t\t\t<div class=\"elementor-widget-container\">\n\t\t\t\t\t\n\n\t\t\t\t<div class=\"service-box icon-box text-center\" style=\"background-image:url(https:\/\/www.denthaus.com.tr\/wp-content\/uploads\/2021\/04\/icon4.png)\">\n\t\t\t<div class=\"info-shape\"><\/div>\n\t\t\t            <div class=\"service-thumb\">\n                <img decoding=\"async\" src=\"https:\/\/www.denthaus.com.tr\/wp-content\/uploads\/2023\/06\/estetik.jpg\" alt=\"icon\">\n            <\/div>\n                        <div class=\"service-content\">\n            \t                <h3><a target=\"_self\" class=\"heading-link\" href=\"\/de\/aesthetische-zahnmedizin\/\" target=\"_blank\">\u00c4sthetische <br>Zahnmedizin <\/a><\/h3>\n                                                <p>Sie befasst sich mit \u00e4sthetischer Sch\u00f6nheit und den Auswirkungen von Sch\u00f6nheit auf das menschliche Ged\u00e4chtnis.<\/p>\n                \n                                <a target=\"_self\" class=\"button-border\" href=\"\/de\/aesthetische-zahnmedizin\/\" target=\"_blank\">\n                \tEinzelheiten                <\/a>\n                            <\/div>\n        <\/div>\n\n        \t\t\t<\/div>\n\t\t\t\t<\/div>\n\t\t\t\t\t<\/div>\n\t\t<\/div>\n\t\t\t\t<div class=\"elementor-column elementor-col-33 elementor-inner-column elementor-element elementor-element-439406f\" data-id=\"439406f\" data-element_type=\"column\">\n\t\t\t<div class=\"elementor-widget-wrap elementor-element-populated\">\n\t\t\t\t\t\t<div class=\"elementor-element elementor-element-bf87f6b elementor-align-left elementor-widget elementor-widget-bdevs-icon-box\" data-id=\"bf87f6b\" data-element_type=\"widget\" data-settings=\"{&quot;chose_style&quot;:&quot;style_1&quot;}\" data-widget_type=\"bdevs-icon-box.default\">\n\t\t\t\t<div class=\"elementor-widget-container\">\n\t\t\t\t\t\n\n\t\t\t\t<div class=\"service-box icon-box text-center\" style=\"background-image:url(https:\/\/www.denthaus.com.tr\/wp-content\/uploads\/2021\/04\/icon4.png)\">\n\t\t\t<div class=\"info-shape\"><\/div>\n\t\t\t            <div class=\"service-thumb\">\n                <img decoding=\"async\" src=\"https:\/\/www.denthaus.com.tr\/wp-content\/uploads\/2023\/06\/restoratif.jpg\" alt=\"icon\">\n            <\/div>\n                        <div class=\"service-content\">\n            \t                <h3><a target=\"_self\" class=\"heading-link\" href=\"\/de\/prothetische-zahnbehandlung\/\" target=\"_blank\">Prothetische Zahnbehandlung <\/a><\/h3>\n                                                <p>Entwickelt ein harmonisches System, das Zahnfleisch, Lippen, Muskeln, Skelettstruktur und Gelenke f\u00fcr ein \u00e4sthetisches L\u00e4cheln umfasst.<\/p>\n                \n                                <a target=\"_self\" class=\"button-border\" href=\"\/de\/prothetische-zahnbehandlung\/\" target=\"_blank\">\n                \tEinzelheiten                <\/a>\n                            <\/div>\n        <\/div>\n\n        \t\t\t<\/div>\n\t\t\t\t<\/div>\n\t\t\t\t\t<\/div>\n\t\t<\/div>\n\t\t\t\t<div class=\"elementor-column elementor-col-33 elementor-inner-column elementor-element elementor-element-d30b105\" data-id=\"d30b105\" data-element_type=\"column\">\n\t\t\t<div class=\"elementor-widget-wrap elementor-element-populated\">\n\t\t\t\t\t\t<div class=\"elementor-element elementor-element-eb33af0 elementor-align-left elementor-widget elementor-widget-bdevs-icon-box\" data-id=\"eb33af0\" data-element_type=\"widget\" data-settings=\"{&quot;chose_style&quot;:&quot;style_1&quot;}\" data-widget_type=\"bdevs-icon-box.default\">\n\t\t\t\t<div class=\"elementor-widget-container\">\n\t\t\t\t\t\n\n\t\t\t\t<div class=\"service-box icon-box text-center\" style=\"background-image:url(https:\/\/www.denthaus.com.tr\/wp-content\/uploads\/2021\/04\/icon4.png)\">\n\t\t\t<div class=\"info-shape\"><\/div>\n\t\t\t            <div class=\"service-thumb\">\n                <img decoding=\"async\" src=\"https:\/\/www.denthaus.com.tr\/wp-content\/uploads\/2023\/06\/implant.jpg\" alt=\"icon\">\n            <\/div>\n                        <div class=\"service-content\">\n            \t                <h3><a target=\"_self\" class=\"heading-link\" href=\"\/de\/zahnimplantat-behandlung\/\" target=\"_blank\">Zahnimplantat-Behandlung <\/a><\/h3>\n                                                <p>schraubenf\u00f6rmige k\u00fcnstliche Zahnwurzeln, die in den Kiefer eingesetzt werden, um fehlende Z\u00e4hne zu ersetzen.<\/p>\n                \n                                <a target=\"_self\" class=\"button-border\" href=\"\/de\/zahnimplantat-behandlung\/\" target=\"_blank\">\n                \tEinzelheiten                <\/a>\n                            <\/div>\n        <\/div>\n\n        \t\t\t<\/div>\n\t\t\t\t<\/div>\n\t\t\t\t\t<\/div>\n\t\t<\/div>\n\t\t\t\t\t<\/div>\n\t\t<\/section>\n\t\t\t\t<section class=\"elementor-section elementor-inner-section elementor-element elementor-element-5a55eac elementor-section-boxed elementor-section-height-default elementor-section-height-default\" data-id=\"5a55eac\" data-element_type=\"section\">\n\t\t\t\t\t\t<div class=\"elementor-container elementor-column-gap-extended\">\n\t\t\t\t\t<div class=\"elementor-column elementor-col-33 elementor-inner-column elementor-element elementor-element-7ec20d9\" data-id=\"7ec20d9\" data-element_type=\"column\">\n\t\t\t<div class=\"elementor-widget-wrap elementor-element-populated\">\n\t\t\t\t\t\t<div class=\"elementor-element elementor-element-20a62e0 elementor-align-left elementor-widget elementor-widget-bdevs-icon-box\" data-id=\"20a62e0\" data-element_type=\"widget\" data-settings=\"{&quot;chose_style&quot;:&quot;style_1&quot;}\" data-widget_type=\"bdevs-icon-box.default\">\n\t\t\t\t<div class=\"elementor-widget-container\">\n\t\t\t\t\t\n\n\t\t\t\t<div class=\"service-box icon-box text-center\" style=\"background-image:url(https:\/\/www.denthaus.com.tr\/wp-content\/uploads\/2021\/04\/icon4.png)\">\n\t\t\t<div class=\"info-shape\"><\/div>\n\t\t\t            <div class=\"service-thumb\">\n                <img decoding=\"async\" src=\"https:\/\/www.denthaus.com.tr\/wp-content\/uploads\/2023\/06\/denthaus-dis-klinik-ortodonti.jpg\" alt=\"icon\">\n            <\/div>\n                        <div class=\"service-content\">\n            \t                <h3><a target=\"_self\" class=\"heading-link\" href=\"\/de\/kieferorthopaedische-behandlung\/\" target=\"_blank\">Kieferorthop\u00e4dische Behandlung <\/a><\/h3>\n                                                <p>Behandlungsmethode, die das harmonische Verh\u00e4ltnis von ungleichen und schiefen Z\u00e4hnen regelt und darauf abzielt, diesen Zustand zu beseitigen.<\/p>\n                \n                                <a target=\"_self\" class=\"button-border\" href=\"\/de\/kieferorthopaedische-behandlung\/\" target=\"_blank\">\n                \tEinzelheiten                <\/a>\n                            <\/div>\n        <\/div>\n\n        \t\t\t<\/div>\n\t\t\t\t<\/div>\n\t\t\t\t\t<\/div>\n\t\t<\/div>\n\t\t\t\t<div class=\"elementor-column elementor-col-33 elementor-inner-column elementor-element elementor-element-b38f29d\" data-id=\"b38f29d\" data-element_type=\"column\">\n\t\t\t<div class=\"elementor-widget-wrap elementor-element-populated\">\n\t\t\t\t\t\t<div class=\"elementor-element elementor-element-7df84fd elementor-align-left elementor-widget elementor-widget-bdevs-icon-box\" data-id=\"7df84fd\" data-element_type=\"widget\" data-settings=\"{&quot;chose_style&quot;:&quot;style_1&quot;}\" data-widget_type=\"bdevs-icon-box.default\">\n\t\t\t\t<div class=\"elementor-widget-container\">\n\t\t\t\t\t\n\n\t\t\t\t<div class=\"service-box icon-box text-center\" style=\"background-image:url(https:\/\/www.denthaus.com.tr\/wp-content\/uploads\/2021\/04\/icon4.png)\">\n\t\t\t<div class=\"info-shape\"><\/div>\n\t\t\t            <div class=\"service-thumb\">\n                <img decoding=\"async\" src=\"https:\/\/www.denthaus.com.tr\/wp-content\/uploads\/2023\/06\/denthaus-dis-klinik-digital-dis.jpg\" alt=\"icon\">\n            <\/div>\n                        <div class=\"service-content\">\n            \t                <h3><a target=\"_self\" class=\"heading-link\" href=\"\/de\/digitale-zahnmedizin\/\" target=\"_blank\">Digitale Zahnmedizin <\/a><\/h3>\n                                                <p>Computergest\u00fctzte Technologie, bei der digitale Abdr\u00fccke, Scans und Restaurationen direkt im Mund des Patienten angefertigt werden<\/p>\n                \n                                <a target=\"_self\" class=\"button-border\" href=\"\/de\/digitale-zahnmedizin\/\" target=\"_blank\">\n                \tEinzelheiten                <\/a>\n                            <\/div>\n        <\/div>\n\n        \t\t\t<\/div>\n\t\t\t\t<\/div>\n\t\t\t\t\t<\/div>\n\t\t<\/div>\n\t\t\t\t<div class=\"elementor-column elementor-col-33 elementor-inner-column elementor-element elementor-element-93f1a4b\" data-id=\"93f1a4b\" data-element_type=\"column\">\n\t\t\t<div class=\"elementor-widget-wrap elementor-element-populated\">\n\t\t\t\t\t\t<div class=\"elementor-element elementor-element-42bddd5 elementor-align-left elementor-widget elementor-widget-bdevs-icon-box\" data-id=\"42bddd5\" data-element_type=\"widget\" data-settings=\"{&quot;chose_style&quot;:&quot;style_1&quot;}\" data-widget_type=\"bdevs-icon-box.default\">\n\t\t\t\t<div class=\"elementor-widget-container\">\n\t\t\t\t\t\n\n\t\t\t\t<div class=\"service-box icon-box text-center\" style=\"background-image:url(https:\/\/www.denthaus.com.tr\/wp-content\/uploads\/2021\/04\/icon4.png)\">\n\t\t\t<div class=\"info-shape\"><\/div>\n\t\t\t            <div class=\"service-thumb\">\n                <img decoding=\"async\" src=\"https:\/\/www.denthaus.com.tr\/wp-content\/uploads\/2023\/06\/denthaus-dis-klinik-cocuk-dis.jpg\" alt=\"icon\">\n            <\/div>\n                        <div class=\"service-content\">\n            \t                <h3><a target=\"_self\" class=\"heading-link\" href=\"\/de\/kinderzahnheilkunde\/\" target=\"_blank\">Kinderzahnheilkunde<\/a><\/h3>\n                                                <p>befasst sich mit Problemen im Zusammenhang mit der Mund- und Zahngesundheit von der Geburt bis zum Ende der Pubert\u00e4t.<\/p>\n                \n                                <a target=\"_self\" class=\"button-border\" href=\"\/de\/kinderzahnheilkunde\/\" target=\"_blank\">\n                \tEinzelheiten                <\/a>\n                            <\/div>\n        <\/div>\n\n        \t\t\t<\/div>\n\t\t\t\t<\/div>\n\t\t\t\t\t<\/div>\n\t\t<\/div>\n\t\t\t\t\t<\/div>\n\t\t<\/section>\n\t\t\t\t<section class=\"elementor-section elementor-inner-section elementor-element elementor-element-a6c5b92 elementor-section-boxed elementor-section-height-default elementor-section-height-default\" data-id=\"a6c5b92\" data-element_type=\"section\">\n\t\t\t\t\t\t<div class=\"elementor-container elementor-column-gap-extended\">\n\t\t\t\t\t<div class=\"elementor-column elementor-col-33 elementor-inner-column elementor-element elementor-element-c084e22\" data-id=\"c084e22\" data-element_type=\"column\">\n\t\t\t<div class=\"elementor-widget-wrap elementor-element-populated\">\n\t\t\t\t\t\t<div class=\"elementor-element elementor-element-69e7fc1 elementor-align-left elementor-widget elementor-widget-bdevs-icon-box\" data-id=\"69e7fc1\" data-element_type=\"widget\" data-settings=\"{&quot;chose_style&quot;:&quot;style_1&quot;}\" data-widget_type=\"bdevs-icon-box.default\">\n\t\t\t\t<div class=\"elementor-widget-container\">\n\t\t\t\t\t\n\n\t\t\t\t<div class=\"service-box icon-box text-center\" style=\"background-image:url(https:\/\/www.denthaus.com.tr\/wp-content\/uploads\/2021\/04\/icon4.png)\">\n\t\t\t<div class=\"info-shape\"><\/div>\n\t\t\t            <div class=\"service-thumb\">\n                <img decoding=\"async\" src=\"https:\/\/www.denthaus.com.tr\/wp-content\/uploads\/2023\/06\/makale.jpg\" alt=\"icon\">\n            <\/div>\n                        <div class=\"service-content\">\n            \t                <h3><a target=\"_self\" class=\"heading-link\" href=\"\/de\/kieferorthopaedische-behandlung-im-erwachsenenalter\" target=\"_blank\">Kieferorthop\u00e4dische Behandlung im Erwachsenenalter <\/a><\/h3>\n                                                <p>Viele Probleme k\u00f6nnen dadurch entstehen, dass kieferorthop\u00e4dische St\u00f6rungen nicht in jungen Jahren beseitigt werden.<\/p>\n                \n                                <a target=\"_self\" class=\"button-border\" href=\"\/de\/kieferorthopaedische-behandlung-im-erwachsenenalter\" target=\"_blank\">\n                \tEinzelheiten                <\/a>\n                            <\/div>\n        <\/div>\n\n        \t\t\t<\/div>\n\t\t\t\t<\/div>\n\t\t\t\t\t<\/div>\n\t\t<\/div>\n\t\t\t\t<div class=\"elementor-column elementor-col-33 elementor-inner-column elementor-element elementor-element-a5edac1\" data-id=\"a5edac1\" data-element_type=\"column\">\n\t\t\t<div class=\"elementor-widget-wrap elementor-element-populated\">\n\t\t\t\t\t\t<div class=\"elementor-element elementor-element-1e02bba elementor-align-left elementor-widget elementor-widget-bdevs-icon-box\" data-id=\"1e02bba\" data-element_type=\"widget\" data-settings=\"{&quot;chose_style&quot;:&quot;style_1&quot;}\" data-widget_type=\"bdevs-icon-box.default\">\n\t\t\t\t<div class=\"elementor-widget-container\">\n\t\t\t\t\t\n\n\t\t\t\t<div class=\"service-box icon-box text-center\" style=\"background-image:url(https:\/\/www.denthaus.com.tr\/wp-content\/uploads\/2021\/04\/icon4.png)\">\n\t\t\t<div class=\"info-shape\"><\/div>\n\t\t\t            <div class=\"service-thumb\">\n                <img decoding=\"async\" src=\"https:\/\/www.denthaus.com.tr\/wp-content\/uploads\/2023\/06\/denthaus-dis-klinik-digital-dis.jpg\" alt=\"icon\">\n            <\/div>\n                        <div class=\"service-content\">\n            \t                <h3><a target=\"_self\" class=\"heading-link\" href=\"\/de\/mund-kiefer-und-gesichtschirurgie\" target=\"_blank\">Mund, Zahn undKieferchirugrie<\/a><\/h3>\n                                                <p>In dieser Abteilung werden die notwendigen diagnostischen und therapeutischen Methoden zur Behandlung von Krankheiten, Verletzungen und St\u00f6rungen des Knochen- und Weichgewebes im Mund-, Zahn- und Kieferbereich angewendet.<\/p>\n                \n                                <a target=\"_self\" class=\"button-border\" href=\"\/de\/mund-kiefer-und-gesichtschirurgie\" target=\"_blank\">\n                \tEinzelheiten                <\/a>\n                            <\/div>\n        <\/div>\n\n        \t\t\t<\/div>\n\t\t\t\t<\/div>\n\t\t\t\t\t<\/div>\n\t\t<\/div>\n\t\t\t\t<div class=\"elementor-column elementor-col-33 elementor-inner-column elementor-element elementor-element-0046e57\" data-id=\"0046e57\" data-element_type=\"column\">\n\t\t\t<div class=\"elementor-widget-wrap\">\n\t\t\t\t\t\t\t<\/div>\n\t\t<\/div>\n\t\t\t\t\t<\/div>\n\t\t<\/section>\n\t\t\t\t\t<\/div>\n\t\t<\/div>\n\t\t\t\t\t<\/div>\n\t\t<\/section>\n\t\t\t\t<\/div>\n\t\t","protected":false},"excerpt":{"rendered":"<p>BEHANDLUNGEN, DIE WIR DURCHF\u00dcHREN \u00c4sthetische Zahnmedizin Sie befasst sich mit \u00e4sthetischer Sch\u00f6nheit und den Auswirkungen von Sch\u00f6nheit auf das menschliche Ged\u00e4chtnis. Einzelheiten Prothetische Zahnbehandlung Entwickelt ein harmonisches System, das Zahnfleisch, Lippen, Muskeln, Skelettstruktur und Gelenke f\u00fcr ein \u00e4sthetisches L\u00e4cheln umfasst. Einzelheiten Zahnimplantat-Behandlung schraubenf\u00f6rmige k\u00fcnstliche Zahnwurzeln, die in den Kiefer eingesetzt werden, um fehlende Z\u00e4hne zu [&hellip;]<\/p>\n","protected":false},"author":1,"featured_media":0,"parent":0,"menu_order":0,"comment_status":"closed","ping_status":"closed","template":"elementor_header_footer","meta":{"om_disable_all_campaigns":false,"_monsterinsights_skip_tracking":false,"_monsterinsights_sitenote_active":false,"_monsterinsights_sitenote_note":"","_monsterinsights_sitenote_category":0,"footnotes":""},"class_list":["post-6673","page","type-page","status-publish","hentry"],"acf":[],"aioseo_notices":[],"_links":{"self":[{"href":"https:\/\/www.denthaus.com.tr\/de\/wp-json\/wp\/v2\/pages\/6673","targetHints":{"allow":["GET"]}}],"collection":[{"href":"https:\/\/www.denthaus.com.tr\/de\/wp-json\/wp\/v2\/pages"}],"about":[{"href":"https:\/\/www.denthaus.com.tr\/de\/wp-json\/wp\/v2\/types\/page"}],"author":[{"embeddable":true,"href":"https:\/\/www.denthaus.com.tr\/de\/wp-json\/wp\/v2\/users\/1"}],"replies":[{"embeddable":true,"href":"https:\/\/www.denthaus.com.tr\/de\/wp-json\/wp\/v2\/comments?post=6673"}],"version-history":[{"count":41,"href":"https:\/\/www.denthaus.com.tr\/de\/wp-json\/wp\/v2\/pages\/6673\/revisions"}],"predecessor-version":[{"id":7039,"href":"https:\/\/www.denthaus.com.tr\/de\/wp-json\/wp\/v2\/pages\/6673\/revisions\/7039"}],"wp:attachment":[{"href":"https:\/\/www.denthaus.com.tr\/de\/wp-json\/wp\/v2\/media?parent=6673"}],"curies":[{"name":"wp","href":"https:\/\/api.w.org\/{rel}","templated":true}]}}