{"id":6973,"date":"2023-06-20T16:13:04","date_gmt":"2023-06-20T16:13:04","guid":{"rendered":"https:\/\/www.denthaus.com.tr\/cocuk-dis-hekimligi\/"},"modified":"2023-10-07T14:20:31","modified_gmt":"2023-10-07T14:20:31","slug":"kinderzahnheilkunde","status":"publish","type":"page","link":"https:\/\/www.denthaus.com.tr\/de\/kinderzahnheilkunde\/","title":{"rendered":"Kinderzahnheilkunde"},"content":{"rendered":"\t\t<div data-elementor-type=\"wp-post\" data-elementor-id=\"6973\" class=\"elementor elementor-6973 elementor-5246\">\n\t\t\t\t\t\t<section class=\"elementor-section elementor-top-section elementor-element elementor-element-a69596c elementor-section-boxed elementor-section-height-default elementor-section-height-default\" data-id=\"a69596c\" data-element_type=\"section\">\n\t\t\t\t\t\t<div class=\"elementor-container elementor-column-gap-default\">\n\t\t\t\t\t<div class=\"elementor-column elementor-col-100 elementor-top-column elementor-element elementor-element-2b32941\" data-id=\"2b32941\" data-element_type=\"column\">\n\t\t\t<div class=\"elementor-widget-wrap elementor-element-populated\">\n\t\t\t\t\t\t<div class=\"elementor-element elementor-element-83be9f4 elementor-widget elementor-widget-spacer\" data-id=\"83be9f4\" data-element_type=\"widget\" data-widget_type=\"spacer.default\">\n\t\t\t\t<div class=\"elementor-widget-container\">\n\t\t\t\t\t<div class=\"elementor-spacer\">\n\t\t\t<div class=\"elementor-spacer-inner\"><\/div>\n\t\t<\/div>\n\t\t\t\t<\/div>\n\t\t\t\t<\/div>\n\t\t\t\t\t<\/div>\n\t\t<\/div>\n\t\t\t\t\t<\/div>\n\t\t<\/section>\n\t\t\t\t<section class=\"elementor-section elementor-top-section elementor-element elementor-element-e6c8e54 elementor-section-boxed elementor-section-height-default elementor-section-height-default\" data-id=\"e6c8e54\" data-element_type=\"section\">\n\t\t\t\t\t\t<div class=\"elementor-container elementor-column-gap-default\">\n\t\t\t\t\t<div class=\"elementor-column elementor-col-100 elementor-top-column elementor-element elementor-element-bc7751b\" data-id=\"bc7751b\" data-element_type=\"column\">\n\t\t\t<div class=\"elementor-widget-wrap elementor-element-populated\">\n\t\t\t\t\t\t<div class=\"elementor-element elementor-element-b8103f7 elementor-align-center elementor-widget elementor-widget-bdevs-heading\" data-id=\"b8103f7\" data-element_type=\"widget\" data-widget_type=\"bdevs-heading.default\">\n\t\t\t\t<div class=\"elementor-widget-container\">\n\t\t\t        <div class=\"section-title tp-el-content\">\n            <div class=\"section-text\">\n                \t\n\n                \t\t\t\t\t<h2 class=\"sec-title tp-el-title\">Kinderzahnheilkunde <\/h2>\n\t\t\t\t\n\t\t\t            <\/div>\n        <\/div>\n\n\n        \t\t\n\t\t\t<\/div>\n\t\t\t\t<\/div>\n\t\t\t\t\t<\/div>\n\t\t<\/div>\n\t\t\t\t\t<\/div>\n\t\t<\/section>\n\t\t\t\t<section class=\"elementor-section elementor-top-section elementor-element elementor-element-484549b elementor-section-boxed elementor-section-height-default elementor-section-height-default\" data-id=\"484549b\" data-element_type=\"section\">\n\t\t\t\t\t\t<div class=\"elementor-container elementor-column-gap-default\">\n\t\t\t\t\t<div class=\"elementor-column elementor-col-100 elementor-top-column elementor-element elementor-element-a3f452a\" data-id=\"a3f452a\" data-element_type=\"column\">\n\t\t\t<div class=\"elementor-widget-wrap elementor-element-populated\">\n\t\t\t\t\t\t<div class=\"elementor-element elementor-element-8ae4bd3 elementor-widget elementor-widget-text-editor\" data-id=\"8ae4bd3\" data-element_type=\"widget\" data-widget_type=\"text-editor.default\">\n\t\t\t\t<div class=\"elementor-widget-container\">\n\t\t\t\t\t\t\t<h6 style=\"text-align: center;\"><span style=\"color: #000000;\">Die Kinderzahnheilkunde (Pedodontie) umfasst zahlreiche Anwendungen wie die Vorbeugung von Zahndurchbruchsst\u00f6rungen, den Schutz der Milchz\u00e4hne vor Karies, die Behandlung von Karies an Milchz\u00e4hnen und bleibenden Z\u00e4hnen, den Schutz vor Karies durch fr\u00fchzeitiges Ziehen von Z\u00e4hnen mit Hilfe von Apparaten, um k\u00fcnftige Sch\u00e4den an der Zahnstellung zu verhindern, sowie Kinderprothesen f\u00fcr Kinder, die ohne Z\u00e4hne geboren wurden.<\/span><\/h6>\t\t\t\t\t\t<\/div>\n\t\t\t\t<\/div>\n\t\t\t\t\t<\/div>\n\t\t<\/div>\n\t\t\t\t\t<\/div>\n\t\t<\/section>\n\t\t\t\t<section class=\"elementor-section elementor-top-section elementor-element elementor-element-721b328 elementor-section-boxed elementor-section-height-default elementor-section-height-default\" data-id=\"721b328\" data-element_type=\"section\">\n\t\t\t\t\t\t<div class=\"elementor-container elementor-column-gap-default\">\n\t\t\t\t\t<div class=\"elementor-column elementor-col-100 elementor-top-column elementor-element elementor-element-9f82a80\" data-id=\"9f82a80\" data-element_type=\"column\">\n\t\t\t<div class=\"elementor-widget-wrap elementor-element-populated\">\n\t\t\t\t\t\t<div class=\"elementor-element elementor-element-d9389d2 elementor-align-center elementor-widget elementor-widget-bdevs-heading\" data-id=\"d9389d2\" data-element_type=\"widget\" data-widget_type=\"bdevs-heading.default\">\n\t\t\t\t<div class=\"elementor-widget-container\">\n\t\t\t        <div class=\"section-title tp-el-content\">\n            <div class=\"section-text\">\n                \t\n\n                \t\t\t\t\t<h2 class=\"sec-title tp-el-title\">Kinderzahn\u00e4rztliche Praxis<\/h2>\n\t\t\t\t\n\t\t\t            <\/div>\n        <\/div>\n\n\n        \t\t\n\t\t\t<\/div>\n\t\t\t\t<\/div>\n\t\t\t\t\t<\/div>\n\t\t<\/div>\n\t\t\t\t\t<\/div>\n\t\t<\/section>\n\t\t\t\t<section class=\"elementor-section elementor-top-section elementor-element elementor-element-3ae3197 elementor-section-boxed elementor-section-height-default elementor-section-height-default\" data-id=\"3ae3197\" data-element_type=\"section\">\n\t\t\t\t\t\t<div class=\"elementor-container elementor-column-gap-default\">\n\t\t\t\t\t<div class=\"elementor-column elementor-col-50 elementor-top-column elementor-element elementor-element-9f8f4db\" data-id=\"9f8f4db\" data-element_type=\"column\">\n\t\t\t<div class=\"elementor-widget-wrap elementor-element-populated\">\n\t\t\t\t\t\t<div class=\"elementor-element elementor-element-64ba665 elementor-align-center elementor-widget elementor-widget-bdevs-icon-box\" data-id=\"64ba665\" data-element_type=\"widget\" data-settings=\"{&quot;chose_style&quot;:&quot;style_1&quot;}\" data-widget_type=\"bdevs-icon-box.default\">\n\t\t\t\t<div class=\"elementor-widget-container\">\n\t\t\t\t\t\n\n\t\t\t\t<div class=\"service-box icon-box text-center\" style=\"background-image:url()\">\n\t\t\t<div class=\"info-shape\"><\/div>\n\t\t\t            <div class=\"service-thumb\">\n                <img decoding=\"async\" src=\"https:\/\/www.denthaus.com.tr\/wp-content\/uploads\/2023\/06\/icons8-dental-91.png\" alt=\"icon\">\n            <\/div>\n                        <div class=\"service-content\">\n            \t                <h3><a target=\"_self\" class=\"heading-link\" href=\"#\" target=\"_blank\">Mundgesundheit von S\u00e4uglingen und Kindern<\/a><\/h3>\n                                                <p>Es ist wichtig, diese Besuche in sechsmonatigen Abst\u00e4nden fortzusetzen, um m\u00f6gliche Kariesl\u00e4sionen fr\u00fchzeitig zu behandeln.<\/p>\n                \n                            <\/div>\n        <\/div>\n\n        \t\t\t<\/div>\n\t\t\t\t<\/div>\n\t\t\t\t\t<\/div>\n\t\t<\/div>\n\t\t\t\t<div class=\"elementor-column elementor-col-50 elementor-top-column elementor-element elementor-element-d31ff6a\" data-id=\"d31ff6a\" data-element_type=\"column\">\n\t\t\t<div class=\"elementor-widget-wrap elementor-element-populated\">\n\t\t\t\t\t\t<div class=\"elementor-element elementor-element-50ba5fc elementor-align-center elementor-widget elementor-widget-bdevs-icon-box\" data-id=\"50ba5fc\" data-element_type=\"widget\" data-settings=\"{&quot;chose_style&quot;:&quot;style_1&quot;}\" data-widget_type=\"bdevs-icon-box.default\">\n\t\t\t\t<div class=\"elementor-widget-container\">\n\t\t\t\t\t\n\n\t\t\t\t<div class=\"service-box icon-box text-center\" style=\"background-image:url()\">\n\t\t\t<div class=\"info-shape\"><\/div>\n\t\t\t            <div class=\"service-thumb\">\n                <img decoding=\"async\" src=\"https:\/\/www.denthaus.com.tr\/wp-content\/uploads\/2023\/06\/icons8-dental-91.png\" alt=\"icon\">\n            <\/div>\n                        <div class=\"service-content\">\n            \t                <h3><a target=\"_self\" class=\"heading-link\" href=\"#\" target=\"_blank\">Flaschenkaries<\/a><\/h3>\n                                                <p>Wenn die ersten Z\u00e4hne durchbrechen, kann eine Ern\u00e4hrung, die reich an kohlenhydratreichen (zuckerfreien) Fl\u00fcssigkeiten ist, zu schwerer Karies f\u00fchren.<\/p>\n                \n                            <\/div>\n        <\/div>\n\n        \t\t\t<\/div>\n\t\t\t\t<\/div>\n\t\t\t\t\t<\/div>\n\t\t<\/div>\n\t\t\t\t\t<\/div>\n\t\t<\/section>\n\t\t\t\t<section class=\"elementor-section elementor-top-section elementor-element elementor-element-c30b6c9 elementor-section-boxed elementor-section-height-default elementor-section-height-default\" data-id=\"c30b6c9\" data-element_type=\"section\">\n\t\t\t\t\t\t<div class=\"elementor-container elementor-column-gap-default\">\n\t\t\t\t\t<div class=\"elementor-column elementor-col-50 elementor-top-column elementor-element elementor-element-b42f0b5\" data-id=\"b42f0b5\" data-element_type=\"column\">\n\t\t\t<div class=\"elementor-widget-wrap elementor-element-populated\">\n\t\t\t\t\t\t<div class=\"elementor-element elementor-element-2091ad5 elementor-align-center elementor-widget elementor-widget-bdevs-icon-box\" data-id=\"2091ad5\" data-element_type=\"widget\" data-settings=\"{&quot;chose_style&quot;:&quot;style_1&quot;}\" data-widget_type=\"bdevs-icon-box.default\">\n\t\t\t\t<div class=\"elementor-widget-container\">\n\t\t\t\t\t\n\n\t\t\t\t<div class=\"service-box icon-box text-center\" style=\"background-image:url()\">\n\t\t\t<div class=\"info-shape\"><\/div>\n\t\t\t            <div class=\"service-thumb\">\n                <img decoding=\"async\" src=\"https:\/\/www.denthaus.com.tr\/wp-content\/uploads\/2023\/06\/icons8-dental-91.png\" alt=\"icon\">\n            <\/div>\n                        <div class=\"service-content\">\n            \t                <h3><a target=\"_self\" class=\"heading-link\" href=\"#\" target=\"_blank\">ZAHNSANIERUNG BEI KARIES<\/a><\/h3>\n                                                <p>Die Art der Behandlung von kari\u00f6sen L\u00e4sionen an Milchz\u00e4hnen h\u00e4ngt vom Alter des ausfallenden Zahns, der Tiefe der Karies und dem Gewebeverlust ab.<\/p>\n                \n                            <\/div>\n        <\/div>\n\n        \t\t\t<\/div>\n\t\t\t\t<\/div>\n\t\t\t\t\t<\/div>\n\t\t<\/div>\n\t\t\t\t<div class=\"elementor-column elementor-col-50 elementor-top-column elementor-element elementor-element-312e2aa\" data-id=\"312e2aa\" data-element_type=\"column\">\n\t\t\t<div class=\"elementor-widget-wrap elementor-element-populated\">\n\t\t\t\t\t\t<div class=\"elementor-element elementor-element-fe1341d elementor-align-center elementor-widget elementor-widget-bdevs-icon-box\" data-id=\"fe1341d\" data-element_type=\"widget\" data-settings=\"{&quot;chose_style&quot;:&quot;style_1&quot;}\" data-widget_type=\"bdevs-icon-box.default\">\n\t\t\t\t<div class=\"elementor-widget-container\">\n\t\t\t\t\t\n\n\t\t\t\t<div class=\"service-box icon-box text-center\" style=\"background-image:url()\">\n\t\t\t<div class=\"info-shape\"><\/div>\n\t\t\t            <div class=\"service-thumb\">\n                <img decoding=\"async\" src=\"https:\/\/www.denthaus.com.tr\/wp-content\/uploads\/2023\/06\/icons8-dental-91.png\" alt=\"icon\">\n            <\/div>\n                        <div class=\"service-content\">\n            \t                <h3><a target=\"_self\" class=\"heading-link\" href=\"#\" target=\"_blank\">ZAHNINFEKTIONEN<\/a><\/h3>\n                                                <p>Der Verlust der Zahnvitalit\u00e4t kann durch Karies oder durch ein Trauma des Zahns entstehen. Fortgeschrittene Karies kann ein Anzeichen f\u00fcr eine Infektion sein.<\/p>\n                \n                            <\/div>\n        <\/div>\n\n        \t\t\t<\/div>\n\t\t\t\t<\/div>\n\t\t\t\t\t<\/div>\n\t\t<\/div>\n\t\t\t\t\t<\/div>\n\t\t<\/section>\n\t\t\t\t<section class=\"elementor-section elementor-top-section elementor-element elementor-element-b0113aa elementor-section-boxed elementor-section-height-default elementor-section-height-default\" data-id=\"b0113aa\" data-element_type=\"section\">\n\t\t\t\t\t\t<div class=\"elementor-container elementor-column-gap-default\">\n\t\t\t\t\t<div class=\"elementor-column elementor-col-50 elementor-top-column elementor-element elementor-element-255cbd1\" data-id=\"255cbd1\" data-element_type=\"column\">\n\t\t\t<div class=\"elementor-widget-wrap elementor-element-populated\">\n\t\t\t\t\t\t<div class=\"elementor-element elementor-element-1df6471 elementor-align-center elementor-widget elementor-widget-bdevs-icon-box\" data-id=\"1df6471\" data-element_type=\"widget\" data-settings=\"{&quot;chose_style&quot;:&quot;style_1&quot;}\" data-widget_type=\"bdevs-icon-box.default\">\n\t\t\t\t<div class=\"elementor-widget-container\">\n\t\t\t\t\t\n\n\t\t\t\t<div class=\"service-box icon-box text-center\" style=\"background-image:url()\">\n\t\t\t<div class=\"info-shape\"><\/div>\n\t\t\t            <div class=\"service-thumb\">\n                <img decoding=\"async\" src=\"https:\/\/www.denthaus.com.tr\/wp-content\/uploads\/2023\/06\/icons8-dental-91.png\" alt=\"icon\">\n            <\/div>\n                        <div class=\"service-content\">\n            \t                <h3><a target=\"_self\" class=\"heading-link\" href=\"#\" target=\"_blank\">PLATZHALTER<\/a><\/h3>\n                                                <p>Wenn ein Milchzahn vor dem Erreichen eines bestimmten Alters gezogen werden muss, sollte ein Platzhalter angefertigt werden, um einen Platzverlust zu vermeiden.<\/p>\n                \n                            <\/div>\n        <\/div>\n\n        \t\t\t<\/div>\n\t\t\t\t<\/div>\n\t\t\t\t\t<\/div>\n\t\t<\/div>\n\t\t\t\t<div class=\"elementor-column elementor-col-50 elementor-top-column elementor-element elementor-element-430a7ef\" data-id=\"430a7ef\" data-element_type=\"column\">\n\t\t\t<div class=\"elementor-widget-wrap elementor-element-populated\">\n\t\t\t\t\t\t<div class=\"elementor-element elementor-element-be46a9c elementor-align-center elementor-widget elementor-widget-bdevs-icon-box\" data-id=\"be46a9c\" data-element_type=\"widget\" data-settings=\"{&quot;chose_style&quot;:&quot;style_1&quot;}\" data-widget_type=\"bdevs-icon-box.default\">\n\t\t\t\t<div class=\"elementor-widget-container\">\n\t\t\t\t\t\n\n\t\t\t\t<div class=\"service-box icon-box text-center\" style=\"background-image:url()\">\n\t\t\t<div class=\"info-shape\"><\/div>\n\t\t\t            <div class=\"service-thumb\">\n                <img decoding=\"async\" src=\"https:\/\/www.denthaus.com.tr\/wp-content\/uploads\/2023\/06\/icons8-dental-91.png\" alt=\"icon\">\n            <\/div>\n                        <div class=\"service-content\">\n            \t                <h3><a target=\"_self\" class=\"heading-link\" href=\"#\" target=\"_blank\">Zahntrauma<\/a><\/h3>\n                                                <p>Mit einer sofortigen Behandlung ist es einfacher, die Beschwerden zu beseitigen, die auftreten k\u00f6nnen, wenn der Zahn seine Vitalit\u00e4t nicht verliert.<\/p>\n                \n                            <\/div>\n        <\/div>\n\n        \t\t\t<\/div>\n\t\t\t\t<\/div>\n\t\t\t\t\t<\/div>\n\t\t<\/div>\n\t\t\t\t\t<\/div>\n\t\t<\/section>\n\t\t\t\t<section class=\"elementor-section elementor-top-section elementor-element elementor-element-af91a24 elementor-section-boxed elementor-section-height-default elementor-section-height-default\" data-id=\"af91a24\" data-element_type=\"section\">\n\t\t\t\t\t\t<div class=\"elementor-container elementor-column-gap-default\">\n\t\t\t\t\t<div class=\"elementor-column elementor-col-100 elementor-top-column elementor-element elementor-element-6bc847b\" data-id=\"6bc847b\" data-element_type=\"column\">\n\t\t\t<div class=\"elementor-widget-wrap elementor-element-populated\">\n\t\t\t\t\t\t<div class=\"elementor-element elementor-element-179c552 elementor-align-center elementor-widget elementor-widget-bdevs-heading\" data-id=\"179c552\" data-element_type=\"widget\" data-widget_type=\"bdevs-heading.default\">\n\t\t\t\t<div class=\"elementor-widget-container\">\n\t\t\t        <div class=\"section-title tp-el-content\">\n            <div class=\"section-text\">\n                \t\n\n                \t\t\t\t\t<h2 class=\"sec-title tp-el-title\">ALLE UNSERE BEHANDLUNGEN<\/h2>\n\t\t\t\t\n\t\t\t            <\/div>\n        <\/div>\n\n\n        \t\t\n\t\t\t<\/div>\n\t\t\t\t<\/div>\n\t\t\t\t\t<\/div>\n\t\t<\/div>\n\t\t\t\t\t<\/div>\n\t\t<\/section>\n\t\t\t\t<section class=\"elementor-section elementor-top-section elementor-element elementor-element-0fff346 elementor-section-boxed elementor-section-height-default elementor-section-height-default\" data-id=\"0fff346\" data-element_type=\"section\">\n\t\t\t\t\t\t<div class=\"elementor-container elementor-column-gap-default\">\n\t\t\t\t\t<div class=\"elementor-column elementor-col-20 elementor-top-column elementor-element elementor-element-701b7d6\" data-id=\"701b7d6\" data-element_type=\"column\">\n\t\t\t<div class=\"elementor-widget-wrap elementor-element-populated\">\n\t\t\t\t\t\t<div class=\"elementor-element elementor-element-834397f elementor-align-center elementor-widget elementor-widget-bdevs-icon-box\" data-id=\"834397f\" data-element_type=\"widget\" data-settings=\"{&quot;chose_style&quot;:&quot;style_1&quot;}\" data-widget_type=\"bdevs-icon-box.default\">\n\t\t\t\t<div class=\"elementor-widget-container\">\n\t\t\t\t\t\n\n\t\t\t\t<div class=\"service-box icon-box text-center\" style=\"background-image:url()\">\n\t\t\t<div class=\"info-shape\"><\/div>\n\t\t\t            <div class=\"service-thumb\">\n                <img decoding=\"async\" src=\"https:\/\/www.denthaus.com.tr\/wp-content\/uploads\/2023\/06\/icons8-dental-91.png\" alt=\"icon\">\n            <\/div>\n                        <div class=\"service-content\">\n            \t                                <p>\u00c4sthetische Zahnmedizin <\/p>\n                \n                                <a target=\"_self\" class=\"button-border\" href=\"\/de\/asthetische-zahnmedizin\/\" target=\"_blank\">\n                \tZU DEN DIENSTLEISTUNGEN                <\/a>\n                            <\/div>\n        <\/div>\n\n        \t\t\t<\/div>\n\t\t\t\t<\/div>\n\t\t\t\t\t<\/div>\n\t\t<\/div>\n\t\t\t\t<div class=\"elementor-column elementor-col-20 elementor-top-column elementor-element elementor-element-182823d\" data-id=\"182823d\" data-element_type=\"column\">\n\t\t\t<div class=\"elementor-widget-wrap elementor-element-populated\">\n\t\t\t\t\t\t<div class=\"elementor-element elementor-element-0d458b2 elementor-align-center elementor-widget elementor-widget-bdevs-icon-box\" data-id=\"0d458b2\" data-element_type=\"widget\" data-settings=\"{&quot;chose_style&quot;:&quot;style_1&quot;}\" data-widget_type=\"bdevs-icon-box.default\">\n\t\t\t\t<div class=\"elementor-widget-container\">\n\t\t\t\t\t\n\n\t\t\t\t<div class=\"service-box icon-box text-center\" style=\"background-image:url()\">\n\t\t\t<div class=\"info-shape\"><\/div>\n\t\t\t            <div class=\"service-thumb\">\n                <img decoding=\"async\" src=\"https:\/\/www.denthaus.com.tr\/wp-content\/uploads\/2023\/06\/icons8-dental-91.png\" alt=\"icon\">\n            <\/div>\n                        <div class=\"service-content\">\n            \t                                <p>Prothetische Zahnbehandlung <\/p>\n                \n                                <a target=\"_self\" class=\"button-border\" href=\"\/de\/prothetische-zahnbehandlung\/\" target=\"_blank\">\n                \tZU DEN DIENSTLEISTUNGEN                <\/a>\n                            <\/div>\n        <\/div>\n\n        \t\t\t<\/div>\n\t\t\t\t<\/div>\n\t\t\t\t\t<\/div>\n\t\t<\/div>\n\t\t\t\t<div class=\"elementor-column elementor-col-20 elementor-top-column elementor-element elementor-element-58b5429\" data-id=\"58b5429\" data-element_type=\"column\">\n\t\t\t<div class=\"elementor-widget-wrap elementor-element-populated\">\n\t\t\t\t\t\t<div class=\"elementor-element elementor-element-d4ec4f0 elementor-align-center elementor-widget elementor-widget-bdevs-icon-box\" data-id=\"d4ec4f0\" data-element_type=\"widget\" data-settings=\"{&quot;chose_style&quot;:&quot;style_1&quot;}\" data-widget_type=\"bdevs-icon-box.default\">\n\t\t\t\t<div class=\"elementor-widget-container\">\n\t\t\t\t\t\n\n\t\t\t\t<div class=\"service-box icon-box text-center\" style=\"background-image:url()\">\n\t\t\t<div class=\"info-shape\"><\/div>\n\t\t\t            <div class=\"service-thumb\">\n                <img decoding=\"async\" src=\"https:\/\/www.denthaus.com.tr\/wp-content\/uploads\/2023\/06\/icons8-dental-91.png\" alt=\"icon\">\n            <\/div>\n                        <div class=\"service-content\">\n            \t                                <p>Zahnimplantat-Behandlung <\/p>\n                \n                                <a target=\"_self\" class=\"button-border\" href=\"\/de\/zahnimplantat-behandlung\/\" target=\"_blank\">\n                \tZU DEN DIENSTLEISTUNGEN                <\/a>\n                            <\/div>\n        <\/div>\n\n        \t\t\t<\/div>\n\t\t\t\t<\/div>\n\t\t\t\t\t<\/div>\n\t\t<\/div>\n\t\t\t\t<div class=\"elementor-column elementor-col-20 elementor-top-column elementor-element elementor-element-f93aeee\" data-id=\"f93aeee\" data-element_type=\"column\">\n\t\t\t<div class=\"elementor-widget-wrap elementor-element-populated\">\n\t\t\t\t\t\t<div class=\"elementor-element elementor-element-78456ca elementor-align-center elementor-widget elementor-widget-bdevs-icon-box\" data-id=\"78456ca\" data-element_type=\"widget\" data-settings=\"{&quot;chose_style&quot;:&quot;style_1&quot;}\" data-widget_type=\"bdevs-icon-box.default\">\n\t\t\t\t<div class=\"elementor-widget-container\">\n\t\t\t\t\t\n\n\t\t\t\t<div class=\"service-box icon-box text-center\" style=\"background-image:url()\">\n\t\t\t<div class=\"info-shape\"><\/div>\n\t\t\t            <div class=\"service-thumb\">\n                <img decoding=\"async\" src=\"https:\/\/www.denthaus.com.tr\/wp-content\/uploads\/2023\/06\/icons8-dental-91.png\" alt=\"icon\">\n            <\/div>\n                        <div class=\"service-content\">\n            \t                                <p>Kieferorthop\u00e4dische Behandlung<\/p>\n                \n                                <a target=\"_self\" class=\"button-border\" href=\"\/de\/kieferorthopaedische-behandlung\/\" target=\"_blank\">\n                \tZU DEN DIENSTLEISTUNGEN                <\/a>\n                            <\/div>\n        <\/div>\n\n        \t\t\t<\/div>\n\t\t\t\t<\/div>\n\t\t\t\t\t<\/div>\n\t\t<\/div>\n\t\t\t\t<div class=\"elementor-column elementor-col-20 elementor-top-column elementor-element elementor-element-47d1e98\" data-id=\"47d1e98\" data-element_type=\"column\">\n\t\t\t<div class=\"elementor-widget-wrap elementor-element-populated\">\n\t\t\t\t\t\t<div class=\"elementor-element elementor-element-1c3ca84 elementor-align-center elementor-widget elementor-widget-bdevs-icon-box\" data-id=\"1c3ca84\" data-element_type=\"widget\" data-settings=\"{&quot;chose_style&quot;:&quot;style_1&quot;}\" data-widget_type=\"bdevs-icon-box.default\">\n\t\t\t\t<div class=\"elementor-widget-container\">\n\t\t\t\t\t\n\n\t\t\t\t<div class=\"service-box icon-box text-center\" style=\"background-image:url()\">\n\t\t\t<div class=\"info-shape\"><\/div>\n\t\t\t            <div class=\"service-thumb\">\n                <img decoding=\"async\" src=\"https:\/\/www.denthaus.com.tr\/wp-content\/uploads\/2023\/06\/icons8-dental-91.png\" alt=\"icon\">\n            <\/div>\n                        <div class=\"service-content\">\n            \t                                <p>Digitale Zahnmedizin <\/p>\n                \n                                <a target=\"_self\" class=\"button-border\" href=\"\/de\/digitale-zahnmedizin\/\" target=\"_blank\">\n                \tZU DEN DIENSTLEISTUNGEN                    <\/a>\n                            <\/div>\n        <\/div>\n\n        \t\t\t<\/div>\n\t\t\t\t<\/div>\n\t\t\t\t\t<\/div>\n\t\t<\/div>\n\t\t\t\t\t<\/div>\n\t\t<\/section>\n\t\t\t\t<\/div>\n\t\t","protected":false},"excerpt":{"rendered":"<p>Kinderzahnheilkunde Die Kinderzahnheilkunde (Pedodontie) umfasst zahlreiche Anwendungen wie die Vorbeugung von Zahndurchbruchsst\u00f6rungen, den Schutz der Milchz\u00e4hne vor Karies, die Behandlung von Karies an Milchz\u00e4hnen und bleibenden Z\u00e4hnen, den Schutz vor Karies durch fr\u00fchzeitiges Ziehen von Z\u00e4hnen mit Hilfe von Apparaten, um k\u00fcnftige Sch\u00e4den an der Zahnstellung zu verhindern, sowie Kinderprothesen f\u00fcr Kinder, die ohne Z\u00e4hne [&hellip;]<\/p>\n","protected":false},"author":1,"featured_media":0,"parent":0,"menu_order":0,"comment_status":"closed","ping_status":"closed","template":"elementor_header_footer","meta":{"om_disable_all_campaigns":false,"_monsterinsights_skip_tracking":false,"_monsterinsights_sitenote_active":false,"_monsterinsights_sitenote_note":"","_monsterinsights_sitenote_category":0,"footnotes":""},"class_list":["post-6973","page","type-page","status-publish","hentry"],"acf":[],"aioseo_notices":[],"_links":{"self":[{"href":"https:\/\/www.denthaus.com.tr\/de\/wp-json\/wp\/v2\/pages\/6973","targetHints":{"allow":["GET"]}}],"collection":[{"href":"https:\/\/www.denthaus.com.tr\/de\/wp-json\/wp\/v2\/pages"}],"about":[{"href":"https:\/\/www.denthaus.com.tr\/de\/wp-json\/wp\/v2\/types\/page"}],"author":[{"embeddable":true,"href":"https:\/\/www.denthaus.com.tr\/de\/wp-json\/wp\/v2\/users\/1"}],"replies":[{"embeddable":true,"href":"https:\/\/www.denthaus.com.tr\/de\/wp-json\/wp\/v2\/comments?post=6973"}],"version-history":[{"count":7,"href":"https:\/\/www.denthaus.com.tr\/de\/wp-json\/wp\/v2\/pages\/6973\/revisions"}],"predecessor-version":[{"id":7033,"href":"https:\/\/www.denthaus.com.tr\/de\/wp-json\/wp\/v2\/pages\/6973\/revisions\/7033"}],"wp:attachment":[{"href":"https:\/\/www.denthaus.com.tr\/de\/wp-json\/wp\/v2\/media?parent=6973"}],"curies":[{"name":"wp","href":"https:\/\/api.w.org\/{rel}","templated":true}]}}