{"id":6698,"date":"2023-06-15T11:38:25","date_gmt":"2023-06-15T11:38:25","guid":{"rendered":"https:\/\/www.denthaus.com.tr\/iletisim\/"},"modified":"2023-09-22T23:35:46","modified_gmt":"2023-09-22T23:35:46","slug":"contact-us","status":"publish","type":"page","link":"https:\/\/www.denthaus.com.tr\/en\/contact-us\/","title":{"rendered":"CONTACT US"},"content":{"rendered":"\t\t<div data-elementor-type=\"wp-post\" data-elementor-id=\"6698\" class=\"elementor elementor-6698 elementor-5106\">\n\t\t\t\t\t\t<section class=\"elementor-section elementor-top-section elementor-element elementor-element-be6c44a elementor-section-boxed elementor-section-height-default elementor-section-height-default\" data-id=\"be6c44a\" data-element_type=\"section\">\n\t\t\t\t\t\t<div class=\"elementor-container elementor-column-gap-default\">\n\t\t\t\t\t<div class=\"elementor-column elementor-col-100 elementor-top-column elementor-element elementor-element-009a3da\" data-id=\"009a3da\" data-element_type=\"column\">\n\t\t\t<div class=\"elementor-widget-wrap elementor-element-populated\">\n\t\t\t\t\t\t<div class=\"elementor-element elementor-element-2387a0e elementor-widget elementor-widget-spacer\" data-id=\"2387a0e\" data-element_type=\"widget\" data-widget_type=\"spacer.default\">\n\t\t\t\t<div class=\"elementor-widget-container\">\n\t\t\t\t\t<div class=\"elementor-spacer\">\n\t\t\t<div class=\"elementor-spacer-inner\"><\/div>\n\t\t<\/div>\n\t\t\t\t<\/div>\n\t\t\t\t<\/div>\n\t\t\t\t\t<\/div>\n\t\t<\/div>\n\t\t\t\t\t<\/div>\n\t\t<\/section>\n\t\t\t\t<section class=\"elementor-section elementor-top-section elementor-element elementor-element-6c21804 elementor-section-boxed elementor-section-height-default elementor-section-height-default\" data-id=\"6c21804\" data-element_type=\"section\">\n\t\t\t\t\t\t<div class=\"elementor-container elementor-column-gap-default\">\n\t\t\t\t\t<div class=\"elementor-column elementor-col-33 elementor-top-column elementor-element elementor-element-8c92a64\" data-id=\"8c92a64\" data-element_type=\"column\">\n\t\t\t<div class=\"elementor-widget-wrap elementor-element-populated\">\n\t\t\t\t\t\t<div class=\"elementor-element elementor-element-84c4a8d elementor-align-center elementor-widget elementor-widget-bdevs-heading\" data-id=\"84c4a8d\" data-element_type=\"widget\" data-widget_type=\"bdevs-heading.default\">\n\t\t\t\t<div class=\"elementor-widget-container\">\n\t\t\t        <div class=\"section-title tp-el-content\">\n            <div class=\"section-text\">\n                \t\n\n                \t\t\t\t\t<h2 class=\"sec-title tp-el-title\">Denthaus \u0130ncek<\/h2>\n\t\t\t\t\n\t\t\t            <\/div>\n        <\/div>\n\n\n        \t\t\n\t\t\t<\/div>\n\t\t\t\t<\/div>\n\t\t\t\t<div class=\"elementor-element elementor-element-8f80a55 elementor-widget elementor-widget-google_maps\" data-id=\"8f80a55\" data-element_type=\"widget\" data-widget_type=\"google_maps.default\">\n\t\t\t\t<div class=\"elementor-widget-container\">\n\t\t\t\t\t<div class=\"elementor-custom-embed\">\n\t\t\t<iframe loading=\"lazy\"\n\t\t\t\t\tsrc=\"https:\/\/maps.google.com\/maps?q=Denthaus%20A%C4%9F%C4%B1z%20ve%20Di%C5%9F%20Sa%C4%9Fl%C4%B1%C4%9F%C4%B1%20Poliklini%C4%9Fi%20-%20Ankara&#038;t=m&#038;z=10&#038;output=embed&#038;iwloc=near\"\n\t\t\t\t\ttitle=\"Denthaus A\u011f\u0131z ve Di\u015f Sa\u011fl\u0131\u011f\u0131 Poliklini\u011fi - Ankara\"\n\t\t\t\t\taria-label=\"Denthaus A\u011f\u0131z ve Di\u015f Sa\u011fl\u0131\u011f\u0131 Poliklini\u011fi - Ankara\"\n\t\t\t><\/iframe>\n\t\t<\/div>\n\t\t\t\t<\/div>\n\t\t\t\t<\/div>\n\t\t\t\t<div class=\"elementor-element elementor-element-5fd614c elementor-widget elementor-widget-text-editor\" data-id=\"5fd614c\" data-element_type=\"widget\" data-widget_type=\"text-editor.default\">\n\t\t\t\t<div class=\"elementor-widget-container\">\n\t\t\t\t\t\t\t<p><strong>Adress:<\/strong> Vista AVM K\u0131z\u0131lca\u015far Mah. K\u0131z\u0131lca\u015far 406\/50 \u0130ncek G\u00f6lba\u015f\u0131 \u2013 Ankara<\/p><p><strong>Phone number::<\/strong> <a target=\"_self\" href=\"tel:+90 312 511 31 15\">+90 312 511 31 15<\/a><\/p><p><strong>Whatsapp:<\/strong>\u00a0 <a target=\"_self\" href=\"tel:+90 552 822 25 95\">+90 552 822 25 95<\/a><\/p><p><strong>E-Mail: <\/strong>info@denthaus.com.tr<\/p>\t\t\t\t\t\t<\/div>\n\t\t\t\t<\/div>\n\t\t\t\t<div class=\"elementor-element elementor-element-56b27c5 elementor-shape-rounded elementor-grid-0 e-grid-align-center elementor-widget elementor-widget-social-icons\" data-id=\"56b27c5\" data-element_type=\"widget\" data-widget_type=\"social-icons.default\">\n\t\t\t\t<div class=\"elementor-widget-container\">\n\t\t\t\t\t<div class=\"elementor-social-icons-wrapper elementor-grid\">\n\t\t\t\t\t\t\t<span class=\"elementor-grid-item\">\n\t\t\t\t\t<a target=\"_self\" class=\"elementor-icon elementor-social-icon elementor-social-icon-facebook elementor-repeater-item-ce24130\" href=\"https:\/\/www.facebook.com\/denthausankara\/\" target=\"_blank\">\n\t\t\t\t\t\t<span class=\"elementor-screen-only\">Facebook<\/span>\n\t\t\t\t\t\t<i class=\"fab fa-facebook\"><\/i>\t\t\t\t\t<\/a>\n\t\t\t\t<\/span>\n\t\t\t\t\t\t\t<span class=\"elementor-grid-item\">\n\t\t\t\t\t<a target=\"_self\" class=\"elementor-icon elementor-social-icon elementor-social-icon-instagram elementor-repeater-item-0065220\" href=\"https:\/\/www.instagram.com\/denthausankara\/\" target=\"_blank\">\n\t\t\t\t\t\t<span class=\"elementor-screen-only\">Instagram<\/span>\n\t\t\t\t\t\t<i class=\"fab fa-instagram\"><\/i>\t\t\t\t\t<\/a>\n\t\t\t\t<\/span>\n\t\t\t\t\t<\/div>\n\t\t\t\t<\/div>\n\t\t\t\t<\/div>\n\t\t\t\t\t<\/div>\n\t\t<\/div>\n\t\t\t\t<div class=\"elementor-column elementor-col-33 elementor-top-column elementor-element elementor-element-ca073bb\" data-id=\"ca073bb\" data-element_type=\"column\">\n\t\t\t<div class=\"elementor-widget-wrap elementor-element-populated\">\n\t\t\t\t\t\t<div class=\"elementor-element elementor-element-0e66941 elementor-align-center elementor-widget elementor-widget-bdevs-heading\" data-id=\"0e66941\" data-element_type=\"widget\" data-widget_type=\"bdevs-heading.default\">\n\t\t\t\t<div class=\"elementor-widget-container\">\n\t\t\t        <div class=\"section-title tp-el-content\">\n            <div class=\"section-text\">\n                \t\n\n                \t\t\t\t\t<h2 class=\"sec-title tp-el-title\">Denthaus Ba\u011fl\u0131ca<\/h2>\n\t\t\t\t\n\t\t\t            <\/div>\n        <\/div>\n\n\n        \t\t\n\t\t\t<\/div>\n\t\t\t\t<\/div>\n\t\t\t\t<div class=\"elementor-element elementor-element-2b4abeb elementor-widget elementor-widget-google_maps\" data-id=\"2b4abeb\" data-element_type=\"widget\" data-widget_type=\"google_maps.default\">\n\t\t\t\t<div class=\"elementor-widget-container\">\n\t\t\t\t\t<div class=\"elementor-custom-embed\">\n\t\t\t<iframe loading=\"lazy\"\n\t\t\t\t\tsrc=\"https:\/\/maps.google.com\/maps?q=Ba%C4%9Fl%C4%B1ca%20Blv.%20NO%3A%2055%2FA%20D%3Aa&#038;t=m&#038;z=10&#038;output=embed&#038;iwloc=near\"\n\t\t\t\t\ttitle=\"Ba\u011fl\u0131ca Blv. NO: 55\/A D:a\"\n\t\t\t\t\taria-label=\"Ba\u011fl\u0131ca Blv. NO: 55\/A D:a\"\n\t\t\t><\/iframe>\n\t\t<\/div>\n\t\t\t\t<\/div>\n\t\t\t\t<\/div>\n\t\t\t\t<div class=\"elementor-element elementor-element-b29245d elementor-widget elementor-widget-text-editor\" data-id=\"b29245d\" data-element_type=\"widget\" data-widget_type=\"text-editor.default\">\n\t\t\t\t<div class=\"elementor-widget-container\">\n\t\t\t\t\t\t\t<p><strong>Adress:<\/strong>\u00a0Ba\u011fl\u0131ca Mahallesi, Ba\u011fl\u0131ca Bulvar\u0131, No: 55\/5 Etimesgut \/ Ankara<\/p><p><strong>Phone Number:<\/strong>\u00a0<a target=\"_self\" href=\"tel:+90 312 234 41 00\">+90 312 234 41 00<\/a><\/p><p><strong>Mobile Number:<\/strong>\u00a0\u00a0<a target=\"_self\" href=\"tel:+90 501 363 87 64\">+90 501 363 87 64<\/a><\/p><p><strong>Whatsapp:<\/strong>\u00a0\u00a0<a target=\"_self\" href=\"https:\/\/api.whatsapp.com\/send\/?phone=905013638764&amp;text=Merhaba\" target=\"_blank\" rel=\"noopener\">+90 501 363 87 64<\/a><\/p><p><strong>E-Mail:<\/strong>\u00a0denthausbaglica@gmail.com<\/p>\t\t\t\t\t\t<\/div>\n\t\t\t\t<\/div>\n\t\t\t\t<div class=\"elementor-element elementor-element-23575cb elementor-shape-rounded elementor-grid-0 e-grid-align-center elementor-widget elementor-widget-social-icons\" data-id=\"23575cb\" data-element_type=\"widget\" data-widget_type=\"social-icons.default\">\n\t\t\t\t<div class=\"elementor-widget-container\">\n\t\t\t\t\t<div class=\"elementor-social-icons-wrapper elementor-grid\">\n\t\t\t\t\t\t\t<span class=\"elementor-grid-item\">\n\t\t\t\t\t<a target=\"_self\" class=\"elementor-icon elementor-social-icon elementor-social-icon-facebook elementor-repeater-item-ce24130\" href=\"https:\/\/www.facebook.com\/denthausankara\/\" target=\"_blank\">\n\t\t\t\t\t\t<span class=\"elementor-screen-only\">Facebook<\/span>\n\t\t\t\t\t\t<i class=\"fab fa-facebook\"><\/i>\t\t\t\t\t<\/a>\n\t\t\t\t<\/span>\n\t\t\t\t\t\t\t<span class=\"elementor-grid-item\">\n\t\t\t\t\t<a target=\"_self\" class=\"elementor-icon elementor-social-icon elementor-social-icon-instagram elementor-repeater-item-0065220\" href=\"https:\/\/www.instagram.com\/denthausankara\/\" target=\"_blank\">\n\t\t\t\t\t\t<span class=\"elementor-screen-only\">Instagram<\/span>\n\t\t\t\t\t\t<i class=\"fab fa-instagram\"><\/i>\t\t\t\t\t<\/a>\n\t\t\t\t<\/span>\n\t\t\t\t\t<\/div>\n\t\t\t\t<\/div>\n\t\t\t\t<\/div>\n\t\t\t\t\t<\/div>\n\t\t<\/div>\n\t\t\t\t<div class=\"elementor-column elementor-col-33 elementor-top-column elementor-element elementor-element-9718972\" data-id=\"9718972\" data-element_type=\"column\">\n\t\t\t<div class=\"elementor-widget-wrap elementor-element-populated\">\n\t\t\t\t\t\t<div class=\"elementor-element elementor-element-3b625bc elementor-align-center elementor-widget elementor-widget-bdevs-heading\" data-id=\"3b625bc\" data-element_type=\"widget\" data-widget_type=\"bdevs-heading.default\">\n\t\t\t\t<div class=\"elementor-widget-container\">\n\t\t\t        <div class=\"section-title tp-el-content\">\n            <div class=\"section-text\">\n                \t\n\n                \t\t\t\t\t<h2 class=\"sec-title tp-el-title\">Denthaus Afyon<\/h2>\n\t\t\t\t\n\t\t\t            <\/div>\n        <\/div>\n\n\n        \t\t\n\t\t\t<\/div>\n\t\t\t\t<\/div>\n\t\t\t\t<div class=\"elementor-element elementor-element-f50722f elementor-widget elementor-widget-html\" data-id=\"f50722f\" data-element_type=\"widget\" data-widget_type=\"html.default\">\n\t\t\t\t<div class=\"elementor-widget-container\">\n\t\t\t<iframe src=\"https:\/\/www.google.com\/maps\/embed?pb=!1m14!1m8!1m3!1d12444.23839980967!2d30.547873!3d38.762337!3m2!1i1024!2i768!4f13.1!3m3!1m2!1s0x0%3A0x40d06fea9cea338a!2sAfdora!5e0!3m2!1str!2str!4v1646261754795!5m2!1str!2str\" width=\"100%\" height=\"295\" style=\"border:0;\" allowfullscreen=\"\" loading=\"lazy\"><\/iframe>\t\t<\/div>\n\t\t\t\t<\/div>\n\t\t\t\t<div class=\"elementor-element elementor-element-c649751 elementor-widget elementor-widget-text-editor\" data-id=\"c649751\" data-element_type=\"widget\" data-widget_type=\"text-editor.default\">\n\t\t\t\t<div class=\"elementor-widget-container\">\n\t\t\t\t\t\t\t<p><strong>Adress:<\/strong> Ali \u00c7etinkaya, Atat\u00fcrk Blv., 03200 Afyonkarahisar Merkez\/Afyonkarahisar<\/p><p><strong>Phone Number:<\/strong> <a target=\"_self\" href=\"https:\/\/www.google.com\/search?q=Denthause+Afyon&amp;rlz=1C1GCEA_enTR1057TR1057&amp;oq=Denthause+Afyon&amp;gs_lcrp=EgZjaHJvbWUyBggAEEUYOTIPCAEQLhgNGK8BGMcBGIAEMgkIAhAAGA0YgAQyCQgDEAAYDRiABDIKCAQQABgKGBYYHtIBBzQzMmowajeoAgCwAgA&amp;sourceid=chrome&amp;ie=UTF-8#\" data-dtype=\"d3ph\" data-local-attribute=\"d3ph\" data-ved=\"2ahUKEwiC2O7vo4-AAxVdcvEDHaCUDUgQkAgoAHoECEIQAw\"><span aria-label=\"(0272) 502 43 43 Numaral\u0131 Telefonu Ara\">(0272) 502 43 43<\/span><\/a><\/p><p><strong>Whatsapp:<\/strong> <a target=\"_self\" href=\"https:\/\/wa.me\/+905423404141\">+90 542 340 41 41<\/a><\/p><p><strong>E-mail:<\/strong> denthausafyon@gmail.com<\/p>\t\t\t\t\t\t<\/div>\n\t\t\t\t<\/div>\n\t\t\t\t<div class=\"elementor-element elementor-element-c4aaacc elementor-shape-rounded elementor-grid-0 e-grid-align-center elementor-widget elementor-widget-social-icons\" data-id=\"c4aaacc\" data-element_type=\"widget\" data-widget_type=\"social-icons.default\">\n\t\t\t\t<div class=\"elementor-widget-container\">\n\t\t\t\t\t<div class=\"elementor-social-icons-wrapper elementor-grid\">\n\t\t\t\t\t\t\t<span class=\"elementor-grid-item\">\n\t\t\t\t\t<a target=\"_self\" class=\"elementor-icon elementor-social-icon elementor-social-icon-facebook elementor-repeater-item-ce24130\" href=\"https:\/\/www.facebook.com\/denthausankara\/\" target=\"_blank\">\n\t\t\t\t\t\t<span class=\"elementor-screen-only\">Facebook<\/span>\n\t\t\t\t\t\t<i class=\"fab fa-facebook\"><\/i>\t\t\t\t\t<\/a>\n\t\t\t\t<\/span>\n\t\t\t\t\t\t\t<span class=\"elementor-grid-item\">\n\t\t\t\t\t<a target=\"_self\" class=\"elementor-icon elementor-social-icon elementor-social-icon-instagram elementor-repeater-item-0065220\" href=\"https:\/\/www.instagram.com\/denthausankara\/\" target=\"_blank\">\n\t\t\t\t\t\t<span class=\"elementor-screen-only\">Instagram<\/span>\n\t\t\t\t\t\t<i class=\"fab fa-instagram\"><\/i>\t\t\t\t\t<\/a>\n\t\t\t\t<\/span>\n\t\t\t\t\t<\/div>\n\t\t\t\t<\/div>\n\t\t\t\t<\/div>\n\t\t\t\t\t<\/div>\n\t\t<\/div>\n\t\t\t\t\t<\/div>\n\t\t<\/section>\n\t\t\t\t<section class=\"elementor-section elementor-top-section elementor-element elementor-element-321ada4 elementor-section-boxed elementor-section-height-default elementor-section-height-default\" data-id=\"321ada4\" data-element_type=\"section\">\n\t\t\t\t\t\t<div class=\"elementor-container elementor-column-gap-default\">\n\t\t\t\t\t<div class=\"elementor-column elementor-col-100 elementor-top-column elementor-element elementor-element-5a86c49\" data-id=\"5a86c49\" data-element_type=\"column\">\n\t\t\t<div class=\"elementor-widget-wrap elementor-element-populated\">\n\t\t\t\t\t\t<div class=\"elementor-element elementor-element-36d63bf elementor-widget elementor-widget-spacer\" data-id=\"36d63bf\" data-element_type=\"widget\" data-widget_type=\"spacer.default\">\n\t\t\t\t<div class=\"elementor-widget-container\">\n\t\t\t\t\t<div class=\"elementor-spacer\">\n\t\t\t<div class=\"elementor-spacer-inner\"><\/div>\n\t\t<\/div>\n\t\t\t\t<\/div>\n\t\t\t\t<\/div>\n\t\t\t\t\t<\/div>\n\t\t<\/div>\n\t\t\t\t\t<\/div>\n\t\t<\/section>\n\t\t\t\t<section class=\"elementor-section elementor-top-section elementor-element elementor-element-f0a912f elementor-section-boxed elementor-section-height-default elementor-section-height-default\" data-id=\"f0a912f\" data-element_type=\"section\">\n\t\t\t\t\t\t<div class=\"elementor-container elementor-column-gap-default\">\n\t\t\t\t\t<div class=\"elementor-column elementor-col-100 elementor-top-column elementor-element elementor-element-9e6af11\" data-id=\"9e6af11\" data-element_type=\"column\">\n\t\t\t<div class=\"elementor-widget-wrap elementor-element-populated\">\n\t\t\t\t\t\t<div class=\"elementor-element elementor-element-abf1fa9 elementor-align-center elementor-widget elementor-widget-bdevs-heading\" data-id=\"abf1fa9\" data-element_type=\"widget\" data-widget_type=\"bdevs-heading.default\">\n\t\t\t\t<div class=\"elementor-widget-container\">\n\t\t\t        <div class=\"section-title tp-el-content\">\n            <div class=\"section-text\">\n                \t\n\n                \t\t\t\t\t<h2 class=\"sec-title tp-el-title\">YOUR OPINION IS VALUABLE<\/h2>\n\t\t\t\t\n\t\t\t            <\/div>\n        <\/div>\n\n\n        \t\t\n\t\t\t<\/div>\n\t\t\t\t<\/div>\n\t\t\t\t<div class=\"elementor-element elementor-element-611303d elementor-widget elementor-widget-text-editor\" data-id=\"611303d\" data-element_type=\"widget\" data-widget_type=\"text-editor.default\">\n\t\t\t\t<div class=\"elementor-widget-container\">\n\t\t\t\t\t\t\t<p style=\"text-align: center;\"><strong>Your opinions and feedback are very valuable for us. Please send your comments, suggestions and requests. We wish you healthy smiles.<\/strong><\/p>\t\t\t\t\t\t<\/div>\n\t\t\t\t<\/div>\n\t\t\t\t<div class=\"elementor-element elementor-element-c6bfeea elementor-align-center elementor-widget elementor-widget-bdevs-heading\" data-id=\"c6bfeea\" data-element_type=\"widget\" data-widget_type=\"bdevs-heading.default\">\n\t\t\t\t<div class=\"elementor-widget-container\">\n\t\t\t        <div class=\"section-title tp-el-content\">\n            <div class=\"section-text\">\n                \t\n\n                \t\t\t\t\t<h2 class=\"sec-title tp-el-title\">OUR CONTACT DETAILS<\/h2>\n\t\t\t\t\n\t\t\t            <\/div>\n        <\/div>\n\n\n        \t\t\n\t\t\t<\/div>\n\t\t\t\t<\/div>\n\t\t\t\t<div class=\"elementor-element elementor-element-85b0dc2 elementor-widget elementor-widget-text-editor\" data-id=\"85b0dc2\" data-element_type=\"widget\" data-widget_type=\"text-editor.default\">\n\t\t\t\t<div class=\"elementor-widget-container\">\n\t\t\t\t\t\t\t<p style=\"text-align: center;\"><strong>Phone Number: <a target=\"_self\" href=\"tel:+90 312 511 31 15\">+90 312 511 31 15<\/a><\/strong><br \/><strong>E-mail: info@denthaus.com.tr<\/strong><\/p><p style=\"text-align: center;\"><strong>Adress: Vista AVM K\u0131z\u0131lca\u015far Mah. K\u0131z\u0131lca\u015far 406\/50 \u0130ncek G\u00f6lba\u015f\u0131 \u2013 Ankara<\/strong><\/p>\t\t\t\t\t\t<\/div>\n\t\t\t\t<\/div>\n\t\t\t\t\t<\/div>\n\t\t<\/div>\n\t\t\t\t\t<\/div>\n\t\t<\/section>\n\t\t\t\t<section class=\"elementor-section elementor-top-section elementor-element elementor-element-cf618ac elementor-section-boxed elementor-section-height-default elementor-section-height-default\" data-id=\"cf618ac\" data-element_type=\"section\">\n\t\t\t\t\t\t<div class=\"elementor-container elementor-column-gap-default\">\n\t\t\t\t\t<div class=\"elementor-column elementor-col-100 elementor-top-column elementor-element elementor-element-c5d3367\" data-id=\"c5d3367\" data-element_type=\"column\">\n\t\t\t<div class=\"elementor-widget-wrap elementor-element-populated\">\n\t\t\t\t\t\t<div class=\"elementor-element elementor-element-d47b163 elementor-align-center elementor-widget elementor-widget-bdevs-appointment\" data-id=\"d47b163\" data-element_type=\"widget\" data-widget_type=\"bdevs-appointment.default\">\n\t\t\t\t<div class=\"elementor-widget-container\">\n\t\t\t\n\t   \t            <div class=\"container\">\n                <div class=\"row\">\n                    <div class=\"col-xl-12\">\n                        <div class=\"appoinment-box-6\">\n                            <div class=\"row no-gutters\">\n                                <div class=\"col-xl-12 col-lg-12\">\n                                    <div class=\"appoinment-box-content-6 tp-el-content\">\n                                        <div class=\"about-title mb-50\">\n\t\t                                \t \n\n\t\t\t\t\t\t\t            \t\t\t\t\t\t\t\t                <h2 class=\"sec-title tp-el-title\">APPOINTMENT REQUEST FORM<\/h2>\n\t\t\t\t\t\t\t            \t                                        <\/div>\n                                        <div class=\"app-form-box\">\n\t\t\t\t\t\t                    <div class=\"post-form-area\">\n\t\t\t\t\t\t                    \t\n<div class=\"wpcf7 no-js\" id=\"wpcf7-f6741-o1\" lang=\"en-US\" dir=\"ltr\" data-wpcf7-id=\"6741\">\n<div class=\"screen-reader-response\"><p role=\"status\" aria-live=\"polite\" aria-atomic=\"true\"><\/p> <ul><\/ul><\/div>\n<form action=\"\/en\/wp-json\/wp\/v2\/pages\/6698#wpcf7-f6741-o1\" method=\"post\" class=\"wpcf7-form init\" aria-label=\"Contact form\" novalidate=\"novalidate\" data-status=\"init\">\n<div style=\"display: none;\">\n<input type=\"hidden\" name=\"_wpcf7\" value=\"6741\" \/>\n<input type=\"hidden\" name=\"_wpcf7_version\" value=\"6.0.1\" \/>\n<input type=\"hidden\" name=\"_wpcf7_locale\" value=\"en_US\" \/>\n<input type=\"hidden\" name=\"_wpcf7_unit_tag\" value=\"wpcf7-f6741-o1\" \/>\n<input type=\"hidden\" name=\"_wpcf7_container_post\" value=\"0\" \/>\n<input type=\"hidden\" name=\"_wpcf7_posted_data_hash\" value=\"\" \/>\n<\/div>\n<div class=\"row\">\n\t<div class=\"col-xl-4 col-lg-6 col-md-6\">\n\t\t<div class=\"input-box\">\n\t\t\t<div class=\"input-text mb-35\">\n\t\t\t\t<p><span class=\"wpcf7-form-control-wrap\" data-name=\"a-name\"><input size=\"40\" maxlength=\"400\" class=\"wpcf7-form-control wpcf7-text\" aria-invalid=\"false\" placeholder=\"Your Full Name\" value=\"\" type=\"text\" name=\"a-name\" \/><\/span>\n\t\t\t\t<\/p>\n\t\t\t<\/div>\n\t\t<\/div>\n\t<\/div>\n\t<div class=\"col-xl-4 col-lg-6 col-md-6\">\n\t\t<div class=\"input-box mb-35\">\n\t\t\t<div class=\"input-text input-mail\">\n\t\t\t\t<p><span class=\"wpcf7-form-control-wrap\" data-name=\"a-email\"><input size=\"40\" maxlength=\"400\" class=\"wpcf7-form-control wpcf7-email wpcf7-text wpcf7-validates-as-email\" aria-invalid=\"false\" placeholder=\"Your e-mail address\" value=\"\" type=\"email\" name=\"a-email\" \/><\/span>\n\t\t\t\t<\/p>\n\t\t\t<\/div>\n\t\t<\/div>\n\t<\/div>\n\t<div class=\"col-xl-4 col-lg-6 col-md-6\">\n\t\t<div class=\"input-box mb-35\">\n\t\t\t<div class=\"input-text input-age\">\n\t\t\t\t<p><span class=\"wpcf7-form-control-wrap\" data-name=\"a-age\"><input size=\"40\" maxlength=\"400\" class=\"wpcf7-form-control wpcf7-text\" aria-invalid=\"false\" placeholder=\"Your age\" value=\"\" type=\"text\" name=\"a-age\" \/><\/span>\n\t\t\t\t<\/p>\n\t\t\t<\/div>\n\t\t<\/div>\n\t<\/div>\n\t<div class=\"col-xl-4 col-lg-6 col-md-6\">\n\t\t<div class=\"input-box mb-35\">\n\t\t\t<div class=\"input-text input-phone\">\n\t\t\t\t<p><span class=\"wpcf7-form-control-wrap\" data-name=\"Telefon\"><input size=\"40\" maxlength=\"400\" class=\"wpcf7-form-control wpcf7-tel wpcf7-text wpcf7-validates-as-tel\" aria-invalid=\"false\" value=\"+90\" type=\"tel\" name=\"Telefon\" \/><\/span>\n\t\t\t\t<\/p>\n\t\t\t<\/div>\n\t\t<\/div>\n\t<\/div>\n\t<div class=\"col-xl-4 col-lg-6 col-md-6\">\n\t\t<div class=\"input-box mb-35\">\n\t\t\t<div class=\"input-text input-sub\">\n\t\t\t\t<p><span class=\"wpcf7-form-control-wrap\" data-name=\"a-dep\"><input size=\"40\" maxlength=\"400\" class=\"wpcf7-form-control wpcf7-text\" aria-invalid=\"false\" placeholder=\"Doctor of your choice\" value=\"\" type=\"text\" name=\"a-dep\" \/><\/span>\n\t\t\t\t<\/p>\n\t\t\t<\/div>\n\t\t<\/div>\n\t<\/div>\n\t<div class=\"col-xl-4 col-lg-6 col-md-6\">\n\t\t<div class=\"input-box mb-35\">\n\t\t\t<div class=\"input-text input-time\">\n\t\t\t\t<p><span class=\"wpcf7-form-control-wrap\" data-name=\"date-1\"><input class=\"wpcf7-form-control wpcf7-date wpcf7-validates-as-date\" aria-invalid=\"false\" value=\"D, d M y\" type=\"date\" name=\"date-1\" \/><\/span>\n\t\t\t\t<\/p>\n\t\t\t<\/div>\n\t\t<\/div>\n\t<\/div>\n\t<div class=\"col-xl-12 col-lg-12 col-md-12\">\n\t\t<div class=\"input-box mb-35\">\n\t\t\t<div class=\"input-text input-message\">\n\t\t\t\t<p><span class=\"wpcf7-form-control-wrap\" data-name=\"a-message\"><textarea cols=\"40\" rows=\"10\" maxlength=\"2000\" class=\"wpcf7-form-control wpcf7-textarea\" aria-invalid=\"false\" placeholder=\"enter your message in this field\" name=\"a-message\"><\/textarea><\/span>\n\t\t\t\t<\/p>\n\t\t\t<\/div>\n\t\t<\/div>\n\t<\/div>\n\t<div class=\"col-xl-12 col-lg-12 col-md-12\">\n\t\t<div class=\"input-box mb-35\">\n\t\t\t<p><span class=\"wpcf7-form-control-wrap\" data-name=\"quiz-293\"><label><span class=\"wpcf7-quiz-label\">1+1=?<\/span> <input size=\"40\" class=\"wpcf7-form-control wpcf7-quiz\" autocomplete=\"off\" aria-required=\"true\" aria-invalid=\"false\" type=\"text\" name=\"quiz-293\" \/><\/label><input type=\"hidden\" name=\"_wpcf7_quiz_answer_quiz-293\" value=\"80c9d81426427cdf29aaf942c11c7665\" \/><\/span>\n\t\t\t<\/p>\n\t\t<\/div>\n\t<\/div>\n\t<div class=\"col-xl-12 col-lg-12 col-md-6\">\n\t\t<div class=\"msg-btn text-md-center\">\n\t\t\t<p><input class=\"wpcf7-form-control wpcf7-submit has-spinner\" type=\"submit\" value=\"Send\" \/>\n\t\t\t<\/p>\n\t\t<\/div>\n\t<\/div>\n<\/div><div class=\"wpcf7-response-output\" aria-hidden=\"true\"><\/div>\n<\/form>\n<\/div>\n\t\t\t\t\t\t                    <\/div>\n                                        <\/div>\n                                    <\/div>\n                                <\/div>\n                            <\/div>\n                        <\/div>\n                    <\/div>\n                <\/div>\n            <\/div>\n        \t\n        \t\n\t\t\t<\/div>\n\t\t\t\t<\/div>\n\t\t\t\t\t<\/div>\n\t\t<\/div>\n\t\t\t\t\t<\/div>\n\t\t<\/section>\n\t\t\t\t<\/div>\n\t\t","protected":false},"excerpt":{"rendered":"<p>Denthaus \u0130ncek Adress: Vista AVM K\u0131z\u0131lca\u015far Mah. K\u0131z\u0131lca\u015far 406\/50 \u0130ncek G\u00f6lba\u015f\u0131 \u2013 Ankara Phone number:: +90 312 511 31 15 Whatsapp:\u00a0 +90 552 822 25 95 E-Mail: info@denthaus.com.tr Facebook Instagram Denthaus Ba\u011fl\u0131ca Adress:\u00a0Ba\u011fl\u0131ca Mahallesi, Ba\u011fl\u0131ca Bulvar\u0131, No: 55\/5 Etimesgut \/ Ankara Phone Number:\u00a0+90 312 234 41 00 Mobile Number:\u00a0\u00a0+90 501 363 87 64 Whatsapp:\u00a0\u00a0+90 501 [&hellip;]<\/p>\n","protected":false},"author":1,"featured_media":0,"parent":0,"menu_order":0,"comment_status":"closed","ping_status":"closed","template":"elementor_header_footer","meta":{"om_disable_all_campaigns":false,"_monsterinsights_skip_tracking":false,"_monsterinsights_sitenote_active":false,"_monsterinsights_sitenote_note":"","_monsterinsights_sitenote_category":0,"footnotes":""},"class_list":["post-6698","page","type-page","status-publish","hentry"],"acf":[],"aioseo_notices":[],"_links":{"self":[{"href":"https:\/\/www.denthaus.com.tr\/en\/wp-json\/wp\/v2\/pages\/6698","targetHints":{"allow":["GET"]}}],"collection":[{"href":"https:\/\/www.denthaus.com.tr\/en\/wp-json\/wp\/v2\/pages"}],"about":[{"href":"https:\/\/www.denthaus.com.tr\/en\/wp-json\/wp\/v2\/types\/page"}],"author":[{"embeddable":true,"href":"https:\/\/www.denthaus.com.tr\/en\/wp-json\/wp\/v2\/users\/1"}],"replies":[{"embeddable":true,"href":"https:\/\/www.denthaus.com.tr\/en\/wp-json\/wp\/v2\/comments?post=6698"}],"version-history":[{"count":5,"href":"https:\/\/www.denthaus.com.tr\/en\/wp-json\/wp\/v2\/pages\/6698\/revisions"}],"predecessor-version":[{"id":6867,"href":"https:\/\/www.denthaus.com.tr\/en\/wp-json\/wp\/v2\/pages\/6698\/revisions\/6867"}],"wp:attachment":[{"href":"https:\/\/www.denthaus.com.tr\/en\/wp-json\/wp\/v2\/media?parent=6698"}],"curies":[{"name":"wp","href":"https:\/\/api.w.org\/{rel}","templated":true}]}}